{"id":695,"date":"2025-03-17T15:21:23","date_gmt":"2025-03-17T14:21:23","guid":{"rendered":"https:\/\/associationpropolis.org\/?page_id=695"},"modified":"2025-04-17T10:30:12","modified_gmt":"2025-04-17T08:30:12","slug":"nous-ecrire","status":"publish","type":"page","link":"https:\/\/associationpropolis.org\/index.php\/nous-ecrire\/","title":{"rendered":"Nous \u00e9crire"},"content":{"rendered":"\n<div class=\"wp-block-cover alignfull wp-duotone-duotone-4\" style=\"margin-top:0;padding-top:4vw;padding-right:4vw;padding-bottom:4vw;padding-left:4vw;min-height:50vh;aspect-ratio:unset;\"><img loading=\"lazy\" decoding=\"async\" width=\"1625\" height=\"914\" class=\"wp-block-cover__image-background wp-image-653\" alt=\"\" src=\"https:\/\/associationpropolis.org\/wp-content\/uploads\/2025\/03\/photo-1.jpg\" data-object-fit=\"cover\" srcset=\"https:\/\/associationpropolis.org\/wp-content\/uploads\/2025\/03\/photo-1.jpg 1625w, https:\/\/associationpropolis.org\/wp-content\/uploads\/2025\/03\/photo-1-300x169.jpg 300w, https:\/\/associationpropolis.org\/wp-content\/uploads\/2025\/03\/photo-1-1024x576.jpg 1024w, https:\/\/associationpropolis.org\/wp-content\/uploads\/2025\/03\/photo-1-768x432.jpg 768w, https:\/\/associationpropolis.org\/wp-content\/uploads\/2025\/03\/photo-1-1536x864.jpg 1536w\" sizes=\"auto, (max-width: 1625px) 100vw, 1625px\" \/><span aria-hidden=\"true\" class=\"wp-block-cover__background has-background-dim-90 has-background-dim\" style=\"background-color:#2c3066\"><\/span><div class=\"wp-block-cover__inner-container is-layout-flow wp-block-cover-is-layout-flow\">\n<div class=\"wp-block-group is-layout-flow wp-container-core-group-is-layout-d6743c7d wp-block-group-is-layout-flow\">\n<h1 class=\"wp-block-heading has-text-align-left has-text-color\" style=\"color:#ffb23d;font-size:clamp(72.137px, 4.509rem + ((1vw - 3.2px) * 9.152), 160px);\"><mark style=\"background-color:rgba(0, 0, 0, 0);color:#ffffff\" class=\"has-inline-color\">Nous \u00e9crire<\/mark><\/h1>\n<\/div>\n<\/div><\/div>\n\n\n\n<div class=\"wp-block-group alignfull has-accent-5-background-color has-background has-global-padding is-layout-constrained wp-container-core-group-is-layout-d89aad35 wp-block-group-is-layout-constrained\" style=\"margin-top:0;margin-bottom:0;padding-top:var(--wp--preset--spacing--50);padding-right:var(--wp--preset--spacing--50);padding-bottom:var(--wp--preset--spacing--50);padding-left:var(--wp--preset--spacing--50)\">\n<div class=\"wp-block-columns alignwide is-layout-flex wp-container-core-columns-is-layout-1da03c2a wp-block-columns-is-layout-flex\">\n<div class=\"wp-block-column is-vertically-aligned-center is-layout-flow wp-block-column-is-layout-flow\" style=\"flex-basis:60%\">\n<figure class=\"wp-block-image size-full is-style-rounded is-style-rounded--1\"><img loading=\"lazy\" decoding=\"async\" width=\"2048\" height=\"1536\" src=\"https:\/\/associationpropolis.org\/wp-content\/uploads\/2025\/03\/20250204-equipe.jpg\" alt=\"\" class=\"wp-image-697\" style=\"aspect-ratio:4\/3;object-fit:cover\" srcset=\"https:\/\/associationpropolis.org\/wp-content\/uploads\/2025\/03\/20250204-equipe.jpg 2048w, https:\/\/associationpropolis.org\/wp-content\/uploads\/2025\/03\/20250204-equipe-300x225.jpg 300w, https:\/\/associationpropolis.org\/wp-content\/uploads\/2025\/03\/20250204-equipe-1024x768.jpg 1024w, https:\/\/associationpropolis.org\/wp-content\/uploads\/2025\/03\/20250204-equipe-768x576.jpg 768w, https:\/\/associationpropolis.org\/wp-content\/uploads\/2025\/03\/20250204-equipe-1536x1152.jpg 1536w\" sizes=\"auto, (max-width: 2048px) 100vw, 2048px\" \/><\/figure>\n<\/div>\n\n\n\n<div class=\"wp-block-column is-layout-flow wp-block-column-is-layout-flow\" style=\"flex-basis:40%\">\n<h3 class=\"wp-block-heading\">Pour toutes vos questions<\/h3>\n\n\n\n<p>Par mail \ud83d\udce7 : contact@associationpropolis.org<\/p>\n\n\n\n<p>Par t\u00e9l\u00e9phone \u260e\ufe0f : 06 98 80 26 09<\/p>\n\n\n\n<h3 class=\"wp-block-heading\">Pas de question sp\u00e9cifique, mais envie de rester en lien \ud83d\ude09 ?<\/h3>\n\n\n\n<p>Remplissez ce petit formulaire pour que l&rsquo;on vous pr\u00e9vienne d\u00e8s que l&rsquo;on a quelque chose qui correspond \u00e0 vos besoins : <\/p>\n\n\n\n<div class=\"wp-block-buttons is-content-justification-center is-layout-flex wp-container-core-buttons-is-layout-a89b3969 wp-block-buttons-is-layout-flex\">\n<div class=\"wp-block-button\"><a class=\"wp-block-button__link has-text-align-center wp-element-button\" href=\"https:\/\/framaforms.org\/mon-lien-a-propolis-1741949183\">sUIVRE pROPOLIS<\/a><\/div>\n<\/div>\n<\/div>\n<\/div>\n<\/div>\n","protected":false},"excerpt":{"rendered":"<p>Pour toutes vos questions Par mail \ud83d\udce7 : contact@associationpropolis.org Par t\u00e9l\u00e9phone \u260e\ufe0f : 06 98 80 26 09 Pas de question sp\u00e9cifique, mais envie de rester en lien \ud83d\ude09 ? Remplissez ce petit formulaire pour que l&rsquo;on vous pr\u00e9vienne d\u00e8s que l&rsquo;on a quelque chose qui correspond \u00e0 vos besoins :<\/p>\n","protected":false},"author":1,"featured_media":0,"parent":0,"menu_order":0,"comment_status":"closed","ping_status":"closed","template":"","meta":{"footnotes":""},"class_list":["post-695","page","type-page","status-publish","hentry"],"_links":{"self":[{"href":"https:\/\/associationpropolis.org\/index.php\/wp-json\/wp\/v2\/pages\/695","targetHints":{"allow":["GET"]}}],"collection":[{"href":"https:\/\/associationpropolis.org\/index.php\/wp-json\/wp\/v2\/pages"}],"about":[{"href":"https:\/\/associationpropolis.org\/index.php\/wp-json\/wp\/v2\/types\/page"}],"author":[{"embeddable":true,"href":"https:\/\/associationpropolis.org\/index.php\/wp-json\/wp\/v2\/users\/1"}],"replies":[{"embeddable":true,"href":"https:\/\/associationpropolis.org\/index.php\/wp-json\/wp\/v2\/comments?post=695"}],"version-history":[{"count":4,"href":"https:\/\/associationpropolis.org\/index.php\/wp-json\/wp\/v2\/pages\/695\/revisions"}],"predecessor-version":[{"id":922,"href":"https:\/\/associationpropolis.org\/index.php\/wp-json\/wp\/v2\/pages\/695\/revisions\/922"}],"wp:attachment":[{"href":"https:\/\/associationpropolis.org\/index.php\/wp-json\/wp\/v2\/media?parent=695"}],"curies":[{"name":"wp","href":"https:\/\/api.w.org\/{rel}","templated":true}]}}