{"id":752,"date":"2025-03-26T16:32:41","date_gmt":"2025-03-26T15:32:41","guid":{"rendered":"https:\/\/associationpropolis.org\/?page_id=752"},"modified":"2026-02-08T16:54:05","modified_gmt":"2026-02-08T15:54:05","slug":"nous-soutenir","status":"publish","type":"page","link":"https:\/\/associationpropolis.org\/index.php\/nous-soutenir\/","title":{"rendered":"Nous soutenir"},"content":{"rendered":"\n<div class=\"wp-block-group alignfull has-accent-2-background-color has-background has-global-padding is-layout-constrained wp-container-core-group-is-layout-669513ed wp-block-group-is-layout-constrained\" style=\"margin-top:0;margin-bottom:0;padding-top:var(--wp--preset--spacing--50);padding-right:var(--wp--preset--spacing--50);padding-bottom:var(--wp--preset--spacing--50);padding-left:var(--wp--preset--spacing--50)\">\n<figure class=\"wp-block-image alignwide size-large is-style-rounded is-style-rounded--1\"><img loading=\"lazy\" decoding=\"async\" width=\"1024\" height=\"485\" src=\"https:\/\/associationpropolis.org\/wp-content\/uploads\/2025\/03\/entretien-cour-1024x485.jpeg\" alt=\"\" class=\"wp-image-758\" srcset=\"https:\/\/associationpropolis.org\/wp-content\/uploads\/2025\/03\/entretien-cour-1024x485.jpeg 1024w, https:\/\/associationpropolis.org\/wp-content\/uploads\/2025\/03\/entretien-cour-300x142.jpeg 300w, https:\/\/associationpropolis.org\/wp-content\/uploads\/2025\/03\/entretien-cour-768x364.jpeg 768w, https:\/\/associationpropolis.org\/wp-content\/uploads\/2025\/03\/entretien-cour.jpeg 1352w\" sizes=\"auto, (max-width: 1024px) 100vw, 1024px\" \/><\/figure>\n<\/div>\n\n\n\n<div class=\"wp-block-group alignfull has-global-padding is-layout-constrained wp-container-core-group-is-layout-d89aad35 wp-block-group-is-layout-constrained\" style=\"margin-top:0;margin-bottom:0;padding-top:var(--wp--preset--spacing--50);padding-right:var(--wp--preset--spacing--50);padding-bottom:var(--wp--preset--spacing--50);padding-left:var(--wp--preset--spacing--50)\">\n<div class=\"wp-block-columns alignwide are-vertically-aligned-center is-layout-flex wp-container-core-columns-is-layout-47c06fe3 wp-block-columns-is-layout-flex\">\n<div class=\"wp-block-column is-vertically-aligned-center is-layout-flow wp-block-column-is-layout-flow\" style=\"flex-basis:50%\">\n<h2 class=\"wp-block-heading\">Faire un don<\/h2>\n\n\n\n<p>Le centre Propolis ne pourrait exister sans votre soutien financier. Pour que le site puisse vivre, et aide chaque personne qui s&rsquo;y rende \u00e0 trouver sa place en se mettant au servcie du bien commun, on compte sur vous<\/p>\n\n\n\n<iframe id=\"iframe_assoconnect\" src=\"https:\/\/association-propolis.assoconnect.com\/collect\/description\/144446-b-dons-a-lassociation-propolis?iframe=1\" allow=\"payment\" width=\"100%\" style=\"overflow: hidden; border: 0; max-height: none;\" scrolling=\"no\" onload=\"window.location.href='#iframe_assoconnect'\"><\/iframe><script>window.addEventListener(\"message\", function(event) {if(event.data.action === \"iframe.height\" && (event.origin === \"https:\/\/association-propolis.assoconnect.com\" || event.origin === \"https:\/\/pay.assoconnect.com\")){document.getElementById(\"iframe_assoconnect\").height = event.data.height;}});<\/script><style>#iframe_assoconnect{border: 0}<\/style>\n<\/div>\n\n\n\n<div class=\"wp-block-column is-vertically-aligned-center is-layout-flow wp-block-column-is-layout-flow\" style=\"flex-basis:50%\">\n<h2 class=\"wp-block-heading\">Propolis ne se fera pas sans vous !<\/h2>\n\n\n\n<p>Propolis est une association loi 1901, reconnue d&rsquo;utilit\u00e9 publique. Elle est toujours en recherche de nouvelles \u00e9nergies, pour nourrir ses projets. Vous souhaitez rejoindre l&rsquo;aventure ? C&rsquo;est possible en adh\u00e9rant ici \u00e0 l&rsquo;association :<\/p>\n\n\n\n<div class=\"wp-block-buttons is-layout-flex wp-block-buttons-is-layout-flex\">\n<div class=\"wp-block-button\"><a class=\"wp-block-button__link has-background wp-element-button\" href=\"https:\/\/association-propolis.assoconnect.com\/collect\/description\/144444-s-adhesion-association-propolis\" style=\"background-color:#d24747\">Adh\u00e9rer \u00e0 Propolis<\/a><\/div>\n<\/div>\n\n\n\n<div style=\"height:2084px\" aria-hidden=\"true\" class=\"wp-block-spacer\"><\/div>\n<\/div>\n<\/div>\n<\/div>\n","protected":false},"excerpt":{"rendered":"<p>Faire un don Le centre Propolis ne pourrait exister sans votre soutien financier. Pour que le site puisse vivre, et aide chaque personne qui s&rsquo;y rende \u00e0 trouver sa place en se mettant au servcie du bien commun, on compte sur vous Propolis ne se fera pas sans vous ! Propolis est une association loi [&hellip;]<\/p>\n","protected":false},"author":1,"featured_media":0,"parent":0,"menu_order":0,"comment_status":"closed","ping_status":"closed","template":"","meta":{"footnotes":""},"class_list":["post-752","page","type-page","status-publish","hentry"],"_links":{"self":[{"href":"https:\/\/associationpropolis.org\/index.php\/wp-json\/wp\/v2\/pages\/752","targetHints":{"allow":["GET"]}}],"collection":[{"href":"https:\/\/associationpropolis.org\/index.php\/wp-json\/wp\/v2\/pages"}],"about":[{"href":"https:\/\/associationpropolis.org\/index.php\/wp-json\/wp\/v2\/types\/page"}],"author":[{"embeddable":true,"href":"https:\/\/associationpropolis.org\/index.php\/wp-json\/wp\/v2\/users\/1"}],"replies":[{"embeddable":true,"href":"https:\/\/associationpropolis.org\/index.php\/wp-json\/wp\/v2\/comments?post=752"}],"version-history":[{"count":14,"href":"https:\/\/associationpropolis.org\/index.php\/wp-json\/wp\/v2\/pages\/752\/revisions"}],"predecessor-version":[{"id":1428,"href":"https:\/\/associationpropolis.org\/index.php\/wp-json\/wp\/v2\/pages\/752\/revisions\/1428"}],"wp:attachment":[{"href":"https:\/\/associationpropolis.org\/index.php\/wp-json\/wp\/v2\/media?parent=752"}],"curies":[{"name":"wp","href":"https:\/\/api.w.org\/{rel}","templated":true}]}}